{"id":4286,"date":"2021-11-16T23:01:52","date_gmt":"2021-11-16T22:01:52","guid":{"rendered":"https:\/\/www.ilovemaranello.com\/wp\/?page_id=4286"},"modified":"2023-12-07T23:29:42","modified_gmt":"2023-12-07T22:29:42","slug":"weihnachtsgeschenkideen-2023","status":"publish","type":"page","link":"https:\/\/www.ilovemaranello.com\/wp\/de\/weihnachtsgeschenkideen-2023","title":{"rendered":""},"content":{"rendered":"\n<h3 class=\"wp-block-heading has-text-align-center\"><strong><span class=\"has-inline-color has-black-color\">Legen Sie zu Weihnachten ein besonderes Geschenk unter den Baum!<\/span><\/strong><\/h3>\n\n\n\n<h5 class=\"wp-block-heading has-text-align-center\"><span style=\"background-color:rgba(0, 0, 0, 0)\" class=\"has-inline-color has-black-color\">Haben Sie schon einmal dar\u00fcber nachgedacht, wie Sie die Menschen \u00fcberraschen k\u00f6nnen, die Ihnen am Herzen liegen? Wissen Sie schon, wie Sie die Tr\u00e4ume Ihres geliebten Menschen verwirklichen k\u00f6nnen? Haben Sie sich schon \u00fcberlegt, was Sie unter den Baum legen sollen? Mit den Geschenkideen I Love Maranello erf\u00fcllen Sie die W\u00fcnsche Ihrer Liebsten!<\/span><\/h5>\n\n\n\n<hr class=\"wp-block-separator has-css-opacity\"\/>\n\n\n\n<h5 class=\"wp-block-heading has-black-color has-text-color\"><span style=\"background-color:rgba(0, 0, 0, 0)\" class=\"has-inline-color has-black-color\"><strong><span style=\"text-decoration: underline;\">Hier sind unsere Weihnachtsvorschl\u00e4ge:<\/span><\/strong><\/span><\/h5>\n\n\n\n<ul class=\"wp-block-list\">\n<li><strong>SAINZ-PROGRAMM<\/strong><\/li>\n\n\n\n<li><strong>LECLERC-PROGRAMM<\/strong><\/li>\n\n\n\n<li><strong>SCHUMACHER-PROGRAMM<\/strong><\/li>\n<\/ul>\n\n\n\n<p style=\"font-size:12px\">*Pakete k\u00f6nnen in Form eines Geschenkgutscheins erworben werden, der 1 Jahr ab Kaufdatum g\u00fcltig ist. Reservierungen sind obligatorisch unter der Rufnummer 0536 942450 oder schreiben Sie uns an <a href=\"mailto:booking@ilovemaranello.com\">booking@ilovemaranello.com<\/a><\/p>\n\n\n\n<hr class=\"wp-block-separator has-css-opacity\"\/>\n\n\n\n<div id=\"bookingKitContainer\" data-lang=\"de\" data-cw=\"d0ec642ee7158793e25699df61328743\"><\/div>\n<script src=\"https:\/\/547d440693077c14a1c07f05e463913d.widget.bookingkit.net\/bkscript\/d0ec642ee7158793e25699df61328743\/?lang=it\" async><\/script>\n\n\n\n<h5 class=\"wp-block-heading has-text-align-center\"><strong><span class=\"has-inline-color has-black-color\">Sie haben nicht gefunden, wonach Sie gesucht haben?<\/span><\/strong><\/h5>\n\n\n\n<div class=\"wp-block-buttons is-horizontal is-content-justification-center is-layout-flex wp-container-core-buttons-is-layout-1 wp-block-buttons-is-layout-flex\">\n<div class=\"wp-block-button\"><a class=\"wp-block-button__link has-vivid-red-background-color has-background wp-element-button\" href=\"https:\/\/www.ilovemaranello.com\/wp\/de\/bestseller-de\"><strong>Entdecken Sie alle unsere Touren<\/strong><\/a><\/div>\n<\/div>\n\n\n\n<hr class=\"wp-block-separator has-css-opacity\"\/>\n\n\n\n<h5 class=\"wp-block-heading has-text-align-center has-black-color has-text-color\"><span style=\"background-color:rgba(0, 0, 0, 0)\" class=\"has-inline-color has-black-color\"><strong>Sind Sie unentschlossen, welche Erfahrung Sie geben sollen? W\u00e4hlen Sie eine unserer Geschenkkarten!<\/strong><\/span><\/h5>\n\n\n\n<div class=\"wp-block-media-text alignwide is-stacked-on-mobile is-vertically-aligned-bottom\" style=\"grid-template-columns:49% auto\"><figure class=\"wp-block-media-text__media\"><img data-recalc-dims=\"1\" loading=\"lazy\" decoding=\"async\" width=\"600\" height=\"468\" data-src=\"https:\/\/i0.wp.com\/www.ilovemaranello.com\/wp\/wp-content\/uploads\/2021\/11\/GiftCard_New.png?resize=600%2C468&#038;ssl=1\" alt=\"\" class=\"wp-image-4451 size-full lazyload\" data-srcset=\"https:\/\/i0.wp.com\/www.ilovemaranello.com\/wp\/wp-content\/uploads\/2021\/11\/GiftCard_New.png?resize=1024%2C798&amp;ssl=1 1024w, https:\/\/i0.wp.com\/www.ilovemaranello.com\/wp\/wp-content\/uploads\/2021\/11\/GiftCard_New.png?resize=300%2C234&amp;ssl=1 300w, https:\/\/i0.wp.com\/www.ilovemaranello.com\/wp\/wp-content\/uploads\/2021\/11\/GiftCard_New.png?resize=768%2C598&amp;ssl=1 768w, https:\/\/i0.wp.com\/www.ilovemaranello.com\/wp\/wp-content\/uploads\/2021\/11\/GiftCard_New.png?w=1309&amp;ssl=1 1309w, https:\/\/i0.wp.com\/www.ilovemaranello.com\/wp\/wp-content\/uploads\/2021\/11\/GiftCard_New.png?w=1200&amp;ssl=1 1200w\" data-sizes=\"auto, (max-width: 600px) 100vw, 600px\" src=\"data:image\/gif;base64,R0lGODlhAQABAAAAACH5BAEKAAEALAAAAAABAAEAAAICTAEAOw==\" style=\"--smush-placeholder-width: 600px; --smush-placeholder-aspect-ratio: 600\/468;\" \/><noscript><img data-recalc-dims=\"1\" loading=\"lazy\" decoding=\"async\" width=\"600\" height=\"468\" src=\"https:\/\/i0.wp.com\/www.ilovemaranello.com\/wp\/wp-content\/uploads\/2021\/11\/GiftCard_New.png?resize=600%2C468&#038;ssl=1\" alt=\"\" class=\"wp-image-4451 size-full\" srcset=\"https:\/\/i0.wp.com\/www.ilovemaranello.com\/wp\/wp-content\/uploads\/2021\/11\/GiftCard_New.png?resize=1024%2C798&amp;ssl=1 1024w, https:\/\/i0.wp.com\/www.ilovemaranello.com\/wp\/wp-content\/uploads\/2021\/11\/GiftCard_New.png?resize=300%2C234&amp;ssl=1 300w, https:\/\/i0.wp.com\/www.ilovemaranello.com\/wp\/wp-content\/uploads\/2021\/11\/GiftCard_New.png?resize=768%2C598&amp;ssl=1 768w, https:\/\/i0.wp.com\/www.ilovemaranello.com\/wp\/wp-content\/uploads\/2021\/11\/GiftCard_New.png?w=1309&amp;ssl=1 1309w, https:\/\/i0.wp.com\/www.ilovemaranello.com\/wp\/wp-content\/uploads\/2021\/11\/GiftCard_New.png?w=1200&amp;ssl=1 1200w\" sizes=\"auto, (max-width: 600px) 100vw, 600px\" \/><\/noscript><\/figure><div class=\"wp-block-media-text__content\">\n<div class=\"wp-block-buttons is-layout-flex wp-block-buttons-is-layout-flex\">\n<div class=\"wp-block-button\"><a class=\"wp-block-button__link has-vivid-red-background-color has-background wp-element-button\" href=\"https:\/\/www.ilovemaranello.com\/wp\/de\/geschenkkarte\"><strong> <strong>Entdecken Sie unsere Geschenkkarten<\/strong><\/strong><\/a><\/div>\n<\/div>\n<\/div><\/div>\n","protected":false},"excerpt":{"rendered":"<p>Legen Sie zu Weihnachten ein besonderes Geschenk unter den Baum! Haben Sie schon einmal dar\u00fcber nachgedacht, wie Sie die Menschen \u00fcberraschen k\u00f6nnen, die Ihnen am Herzen liegen? Wissen Sie schon, wie Sie die Tr\u00e4ume Ihres geliebten Menschen verwirklichen k\u00f6nnen? Haben Sie sich schon \u00fcberlegt, was Sie unter den Baum legen sollen? Mit den Geschenkideen I [&hellip;]<\/p>\n","protected":false},"author":1,"featured_media":4978,"parent":0,"menu_order":0,"comment_status":"closed","ping_status":"closed","template":"","meta":{"footnotes":""},"class_list":["post-4286","page","type-page","status-publish","has-post-thumbnail","hentry"],"aioseo_notices":[],"jetpack_sharing_enabled":true,"_links":{"self":[{"href":"https:\/\/www.ilovemaranello.com\/wp\/wp-json\/wp\/v2\/pages\/4286","targetHints":{"allow":["GET"]}}],"collection":[{"href":"https:\/\/www.ilovemaranello.com\/wp\/wp-json\/wp\/v2\/pages"}],"about":[{"href":"https:\/\/www.ilovemaranello.com\/wp\/wp-json\/wp\/v2\/types\/page"}],"author":[{"embeddable":true,"href":"https:\/\/www.ilovemaranello.com\/wp\/wp-json\/wp\/v2\/users\/1"}],"replies":[{"embeddable":true,"href":"https:\/\/www.ilovemaranello.com\/wp\/wp-json\/wp\/v2\/comments?post=4286"}],"version-history":[{"count":0,"href":"https:\/\/www.ilovemaranello.com\/wp\/wp-json\/wp\/v2\/pages\/4286\/revisions"}],"wp:featuredmedia":[{"embeddable":true,"href":"https:\/\/www.ilovemaranello.com\/wp\/wp-json\/wp\/v2\/media\/4978"}],"wp:attachment":[{"href":"https:\/\/www.ilovemaranello.com\/wp\/wp-json\/wp\/v2\/media?parent=4286"}],"curies":[{"name":"wp","href":"https:\/\/api.w.org\/{rel}","templated":true}]}}