{"id":4118,"date":"2021-10-27T23:29:28","date_gmt":"2021-10-27T21:29:28","guid":{"rendered":"https:\/\/www.ilovemaranello.com\/wp\/?page_id=4118"},"modified":"2021-11-23T22:56:05","modified_gmt":"2021-11-23T21:56:05","slug":"gift-card","status":"publish","type":"page","link":"https:\/\/www.ilovemaranello.com\/wp\/gift-card","title":{"rendered":"Gift Card"},"content":{"rendered":"\n<div class=\"wp-block-image is-style-default\"><figure class=\"aligncenter size-large is-resized\"><img data-recalc-dims=\"1\" loading=\"lazy\" decoding=\"async\" data-src=\"https:\/\/i0.wp.com\/www.ilovemaranello.com\/wp\/wp-content\/uploads\/2021\/11\/GiftCard_New.png?resize=600%2C467&#038;ssl=1\" alt=\"\" class=\"wp-image-4451 lazyload\" width=\"600\" height=\"467\" data-srcset=\"https:\/\/i0.wp.com\/www.ilovemaranello.com\/wp\/wp-content\/uploads\/2021\/11\/GiftCard_New.png?resize=1024%2C798&amp;ssl=1 1024w, https:\/\/i0.wp.com\/www.ilovemaranello.com\/wp\/wp-content\/uploads\/2021\/11\/GiftCard_New.png?resize=300%2C234&amp;ssl=1 300w, https:\/\/i0.wp.com\/www.ilovemaranello.com\/wp\/wp-content\/uploads\/2021\/11\/GiftCard_New.png?resize=768%2C598&amp;ssl=1 768w, https:\/\/i0.wp.com\/www.ilovemaranello.com\/wp\/wp-content\/uploads\/2021\/11\/GiftCard_New.png?w=1309&amp;ssl=1 1309w, https:\/\/i0.wp.com\/www.ilovemaranello.com\/wp\/wp-content\/uploads\/2021\/11\/GiftCard_New.png?w=1200&amp;ssl=1 1200w\" data-sizes=\"auto, (max-width: 600px) 100vw, 600px\" src=\"data:image\/gif;base64,R0lGODlhAQABAAAAACH5BAEKAAEALAAAAAABAAEAAAICTAEAOw==\" style=\"--smush-placeholder-width: 600px; --smush-placeholder-aspect-ratio: 600\/467;\" \/><noscript><img data-recalc-dims=\"1\" loading=\"lazy\" decoding=\"async\" src=\"https:\/\/i0.wp.com\/www.ilovemaranello.com\/wp\/wp-content\/uploads\/2021\/11\/GiftCard_New.png?resize=600%2C467&#038;ssl=1\" alt=\"\" class=\"wp-image-4451\" width=\"600\" height=\"467\" srcset=\"https:\/\/i0.wp.com\/www.ilovemaranello.com\/wp\/wp-content\/uploads\/2021\/11\/GiftCard_New.png?resize=1024%2C798&amp;ssl=1 1024w, https:\/\/i0.wp.com\/www.ilovemaranello.com\/wp\/wp-content\/uploads\/2021\/11\/GiftCard_New.png?resize=300%2C234&amp;ssl=1 300w, https:\/\/i0.wp.com\/www.ilovemaranello.com\/wp\/wp-content\/uploads\/2021\/11\/GiftCard_New.png?resize=768%2C598&amp;ssl=1 768w, https:\/\/i0.wp.com\/www.ilovemaranello.com\/wp\/wp-content\/uploads\/2021\/11\/GiftCard_New.png?w=1309&amp;ssl=1 1309w, https:\/\/i0.wp.com\/www.ilovemaranello.com\/wp\/wp-content\/uploads\/2021\/11\/GiftCard_New.png?w=1200&amp;ssl=1 1200w\" sizes=\"auto, (max-width: 600px) 100vw, 600px\" \/><\/noscript><\/figure><\/div>\n\n\n\n<h6 class=\"has-text-align-center has-black-color has-text-color wp-block-heading\"><span class=\"has-inline-color has-black-color\"><strong>Sei indeciso sull&#8217;esperienza da regalare? Scegli una delle nostre Gift Card!<\/strong><\/span>*<\/h6>\n\n\n\n<hr class=\"wp-block-separator\"\/>\n\n\n\n<p class=\"has-text-align-center has-black-color has-text-color\">\u00c8 la soluzione ideale per tutti coloro che vogliono effettuare un regalo, lasciando al beneficiario l&#8217;opportunit\u00e0 di scegliere tra tutti i nostri prodotti e servizi.<\/p>\n\n\n\n<div id=\"bookingKitContainer\" data-lang=\"it\" data-cw=\"a2d68e19ae7d14bf38d10182739e113f\"><\/div>\n<script src=\"https:\/\/547d440693077c14a1c07f05e463913d.widget.bookingkit.net\/bkscript\/a2d68e19ae7d14bf38d10182739e113f\/?lang=it\" async=\"\"><\/script>\n\n\n\n<p class=\"has-small-font-size\">*Validit\u00e0 Gift Card 2 anni dalla data di acquisto<\/p>\n\n\n\n<p><\/p>\n","protected":false},"excerpt":{"rendered":"<p>Sei indeciso sull&#8217;esperienza da regalare? Scegli una delle nostre Gift Card!* \u00c8 la soluzione ideale per tutti coloro che vogliono effettuare un regalo, lasciando al beneficiario l&#8217;opportunit\u00e0 di scegliere tra tutti i nostri prodotti e servizi. *Validit\u00e0 Gift Card 2 anni dalla data di acquisto<\/p>\n","protected":false},"author":1,"featured_media":0,"parent":0,"menu_order":0,"comment_status":"closed","ping_status":"closed","template":"","meta":{"footnotes":""},"class_list":["post-4118","page","type-page","status-publish","hentry"],"aioseo_notices":[],"jetpack_sharing_enabled":true,"_links":{"self":[{"href":"https:\/\/www.ilovemaranello.com\/wp\/wp-json\/wp\/v2\/pages\/4118","targetHints":{"allow":["GET"]}}],"collection":[{"href":"https:\/\/www.ilovemaranello.com\/wp\/wp-json\/wp\/v2\/pages"}],"about":[{"href":"https:\/\/www.ilovemaranello.com\/wp\/wp-json\/wp\/v2\/types\/page"}],"author":[{"embeddable":true,"href":"https:\/\/www.ilovemaranello.com\/wp\/wp-json\/wp\/v2\/users\/1"}],"replies":[{"embeddable":true,"href":"https:\/\/www.ilovemaranello.com\/wp\/wp-json\/wp\/v2\/comments?post=4118"}],"version-history":[{"count":0,"href":"https:\/\/www.ilovemaranello.com\/wp\/wp-json\/wp\/v2\/pages\/4118\/revisions"}],"wp:attachment":[{"href":"https:\/\/www.ilovemaranello.com\/wp\/wp-json\/wp\/v2\/media?parent=4118"}],"curies":[{"name":"wp","href":"https:\/\/api.w.org\/{rel}","templated":true}]}}