{"id":4033,"date":"2021-10-27T22:12:18","date_gmt":"2021-10-27T20:12:18","guid":{"rendered":"https:\/\/www.ilovemaranello.com\/wp\/?page_id=4033"},"modified":"2023-12-07T19:12:38","modified_gmt":"2023-12-07T18:12:38","slug":"idee-regalo-natale-2023","status":"publish","type":"page","link":"https:\/\/www.ilovemaranello.com\/wp\/idee-regalo-natale-2023","title":{"rendered":""},"content":{"rendered":"\n<h3 class=\"wp-block-heading has-text-align-center\"><strong><span class=\"has-inline-color has-black-color\"> Per Natale metti sotto l&#8217;albero un <\/span><span class=\"has-inline-color has-vivid-red-color\">regalo speciale!<\/span><\/strong><\/h3>\n\n\n\n<h5 class=\"wp-block-heading has-text-align-center\"><span style=\"background-color:rgba(0, 0, 0, 0)\" class=\"has-inline-color has-black-color\">Hai pensato come sorprendere le persone a cui tieni di pi\u00f9? Sai gi\u00e0 come realizzare i sogni della persona che ami? Hai gi\u00e0 pensato a cosa mettere sotto l&#8217;albero? Con le <strong>idee regalo I Love Maranello<\/strong> realizzerai i desideri delle persone a te pi\u00f9 care!<\/span><\/h5>\n\n\n\n<hr class=\"wp-block-separator has-css-opacity\"\/>\n\n\n\n<h5 class=\"wp-block-heading has-black-color has-text-color\"><span style=\"background-color:rgba(0, 0, 0, 0)\" class=\"has-inline-color has-black-color\"><strong><span style=\"text-decoration: underline;\">Ecco le nostre proposte natalizie:<\/span><\/strong><\/span><\/h5>\n\n\n\n<ul class=\"wp-block-list\">\n<li><strong>PROGRAMMA SAINZ&nbsp;<\/strong><\/li>\n<\/ul>\n\n\n\n<ul class=\"wp-block-list\">\n<li><strong>PROGRAMMA LECLERC<\/strong><\/li>\n<\/ul>\n\n\n\n<ul class=\"wp-block-list\">\n<li><strong>PROGRAMMA SCHUMACHER<\/strong><\/li>\n<\/ul>\n\n\n\n<p style=\"font-size:12px\">*I pacchetti possono essere acquistati sotto forma di buono regalo valido 1 anno dalla data di acquisto. E&#8217; obbligatoria la prenotazione chiamando al numero 0536 942450 oppure scrivici a <a href=\"mailto:booking@ilovemaranello.com\">booking@ilovemaranello.com<\/a><\/p>\n\n\n\n<hr class=\"wp-block-separator has-css-opacity\"\/>\n\n\n\n<div id=\"bookingKitContainer\" data-lang=\"it\" data-cw=\"d0ec642ee7158793e25699df61328743\"><\/div>\n<script src=\"https:\/\/547d440693077c14a1c07f05e463913d.widget.bookingkit.net\/bkscript\/d0ec642ee7158793e25699df61328743\/?lang=it\" async><\/script>\n\n\n\n<h5 class=\"wp-block-heading has-text-align-center\"><strong><span class=\"has-inline-color has-black-color\">Non hai trovato quello che cercavi?<\/span><\/strong><\/h5>\n\n\n\n<div class=\"wp-block-buttons is-horizontal is-content-justification-center is-layout-flex wp-container-core-buttons-is-layout-1 wp-block-buttons-is-layout-flex\">\n<div class=\"wp-block-button\"><a class=\"wp-block-button__link has-vivid-red-background-color has-background wp-element-button\" href=\"https:\/\/www.ilovemaranello.com\/wp\/bestseller-it\"><strong>Scopri tutti i Nostri Tour<\/strong><\/a><\/div>\n<\/div>\n\n\n\n<hr class=\"wp-block-separator has-css-opacity\"\/>\n\n\n\n<h5 class=\"wp-block-heading has-text-align-center has-black-color has-text-color\"><span style=\"background-color:rgba(0, 0, 0, 0)\" class=\"has-inline-color has-black-color\"><strong> <span style=\"background-color:rgba(0, 0, 0, 0)\" class=\"has-inline-color has-black-color\"><strong>Sei indeciso sull&#8217;esperienza da regalare? Scegli una delle nostre Gift Card!<\/strong><\/span><\/strong><\/span><\/h5>\n\n\n\n<div class=\"wp-block-media-text alignwide is-stacked-on-mobile is-vertically-aligned-bottom\" style=\"grid-template-columns:49% auto\"><figure class=\"wp-block-media-text__media\"><img data-recalc-dims=\"1\" loading=\"lazy\" decoding=\"async\" width=\"600\" height=\"468\" data-src=\"https:\/\/i0.wp.com\/www.ilovemaranello.com\/wp\/wp-content\/uploads\/2021\/11\/GiftCard_New.png?resize=600%2C468&#038;ssl=1\" alt=\"\" class=\"wp-image-4451 size-full lazyload\" data-srcset=\"https:\/\/i0.wp.com\/www.ilovemaranello.com\/wp\/wp-content\/uploads\/2021\/11\/GiftCard_New.png?resize=1024%2C798&amp;ssl=1 1024w, https:\/\/i0.wp.com\/www.ilovemaranello.com\/wp\/wp-content\/uploads\/2021\/11\/GiftCard_New.png?resize=300%2C234&amp;ssl=1 300w, https:\/\/i0.wp.com\/www.ilovemaranello.com\/wp\/wp-content\/uploads\/2021\/11\/GiftCard_New.png?resize=768%2C598&amp;ssl=1 768w, https:\/\/i0.wp.com\/www.ilovemaranello.com\/wp\/wp-content\/uploads\/2021\/11\/GiftCard_New.png?w=1309&amp;ssl=1 1309w, https:\/\/i0.wp.com\/www.ilovemaranello.com\/wp\/wp-content\/uploads\/2021\/11\/GiftCard_New.png?w=1200&amp;ssl=1 1200w\" data-sizes=\"auto, (max-width: 600px) 100vw, 600px\" src=\"data:image\/gif;base64,R0lGODlhAQABAAAAACH5BAEKAAEALAAAAAABAAEAAAICTAEAOw==\" style=\"--smush-placeholder-width: 600px; --smush-placeholder-aspect-ratio: 600\/468;\" \/><noscript><img data-recalc-dims=\"1\" loading=\"lazy\" decoding=\"async\" width=\"600\" height=\"468\" src=\"https:\/\/i0.wp.com\/www.ilovemaranello.com\/wp\/wp-content\/uploads\/2021\/11\/GiftCard_New.png?resize=600%2C468&#038;ssl=1\" alt=\"\" class=\"wp-image-4451 size-full\" srcset=\"https:\/\/i0.wp.com\/www.ilovemaranello.com\/wp\/wp-content\/uploads\/2021\/11\/GiftCard_New.png?resize=1024%2C798&amp;ssl=1 1024w, https:\/\/i0.wp.com\/www.ilovemaranello.com\/wp\/wp-content\/uploads\/2021\/11\/GiftCard_New.png?resize=300%2C234&amp;ssl=1 300w, https:\/\/i0.wp.com\/www.ilovemaranello.com\/wp\/wp-content\/uploads\/2021\/11\/GiftCard_New.png?resize=768%2C598&amp;ssl=1 768w, https:\/\/i0.wp.com\/www.ilovemaranello.com\/wp\/wp-content\/uploads\/2021\/11\/GiftCard_New.png?w=1309&amp;ssl=1 1309w, https:\/\/i0.wp.com\/www.ilovemaranello.com\/wp\/wp-content\/uploads\/2021\/11\/GiftCard_New.png?w=1200&amp;ssl=1 1200w\" sizes=\"auto, (max-width: 600px) 100vw, 600px\" \/><\/noscript><\/figure><div class=\"wp-block-media-text__content\">\n<div class=\"wp-block-buttons is-layout-flex wp-block-buttons-is-layout-flex\">\n<div class=\"wp-block-button\"><a class=\"wp-block-button__link has-vivid-red-background-color has-background wp-element-button\" href=\"https:\/\/www.ilovemaranello.com\/wp\/gift-card\"><strong>Scopri le nostre Gift Card<\/strong><\/a><\/div>\n<\/div>\n<\/div><\/div>\n","protected":false},"excerpt":{"rendered":"<p>Per Natale metti sotto l&#8217;albero un regalo speciale! Hai pensato come sorprendere le persone a cui tieni di pi\u00f9? Sai gi\u00e0 come realizzare i sogni della persona che ami? Hai gi\u00e0 pensato a cosa mettere sotto l&#8217;albero? Con le idee regalo I Love Maranello realizzerai i desideri delle persone a te pi\u00f9 care! Ecco le [&hellip;]<\/p>\n","protected":false},"author":1,"featured_media":4978,"parent":0,"menu_order":0,"comment_status":"closed","ping_status":"closed","template":"","meta":{"footnotes":""},"class_list":["post-4033","page","type-page","status-publish","has-post-thumbnail","hentry"],"aioseo_notices":[],"jetpack_sharing_enabled":true,"_links":{"self":[{"href":"https:\/\/www.ilovemaranello.com\/wp\/wp-json\/wp\/v2\/pages\/4033","targetHints":{"allow":["GET"]}}],"collection":[{"href":"https:\/\/www.ilovemaranello.com\/wp\/wp-json\/wp\/v2\/pages"}],"about":[{"href":"https:\/\/www.ilovemaranello.com\/wp\/wp-json\/wp\/v2\/types\/page"}],"author":[{"embeddable":true,"href":"https:\/\/www.ilovemaranello.com\/wp\/wp-json\/wp\/v2\/users\/1"}],"replies":[{"embeddable":true,"href":"https:\/\/www.ilovemaranello.com\/wp\/wp-json\/wp\/v2\/comments?post=4033"}],"version-history":[{"count":0,"href":"https:\/\/www.ilovemaranello.com\/wp\/wp-json\/wp\/v2\/pages\/4033\/revisions"}],"wp:featuredmedia":[{"embeddable":true,"href":"https:\/\/www.ilovemaranello.com\/wp\/wp-json\/wp\/v2\/media\/4978"}],"wp:attachment":[{"href":"https:\/\/www.ilovemaranello.com\/wp\/wp-json\/wp\/v2\/media?parent=4033"}],"curies":[{"name":"wp","href":"https:\/\/api.w.org\/{rel}","templated":true}]}}