{"id":2335,"date":"2019-09-10T23:13:47","date_gmt":"2019-09-10T21:13:47","guid":{"rendered":"https:\/\/www.ilovemaranello.com\/wp\/?page_id=2335"},"modified":"2019-09-12T00:57:04","modified_gmt":"2019-09-11T22:57:04","slug":"lamborghini-fabrik-und-museum","status":"publish","type":"page","link":"https:\/\/www.ilovemaranello.com\/wp\/de\/lamborghini-fabrik-und-museum","title":{"rendered":"Lamborghini Fabrik und Museum"},"content":{"rendered":"\n<div class=\"wp-block-button\"><a class=\"wp-block-button__link has-background has-vivid-red-background-color\" href=\"https:\/\/www.ilovemaranello.com\/wp\/de\/informationsanfrage\">Infos und Reservierungen<\/a><\/div>\n\n\n\n<figure class=\"wp-block-image\"><img decoding=\"async\" data-src=\"https:\/\/i0.wp.com\/www.ilovemaranello.com\/wp\/wp-content\/uploads\/2019\/09\/museo-fabbrica-lamborghini.jpg?w=1200&amp;ssl=1\" alt=\"\" src=\"data:image\/gif;base64,R0lGODlhAQABAAAAACH5BAEKAAEALAAAAAABAAEAAAICTAEAOw==\" class=\"lazyload\" \/><noscript><img decoding=\"async\" src=\"https:\/\/i0.wp.com\/www.ilovemaranello.com\/wp\/wp-content\/uploads\/2019\/09\/museo-fabbrica-lamborghini.jpg?w=1200&amp;ssl=1\" alt=\"\"\/><\/noscript><\/figure>\n\n\n\n<p style=\"color:#ffffff\" class=\"has-text-color has-background has-vivid-red-background-color\">Lamborghini liebt es, seine Eins\u00e4tze auf die Probe zu stellen. Er tut es auf direkte Weise, sichtbar wie ein Blitz in der Nacht. Als wir uns dem Geb\u00e4ude der ber\u00fchmten Automobilfabrik in Sant&#8217;Agata Bolognese n\u00e4hern, ist es auff\u00e4llig, dass die Firma Emilian ihrem Museum Sichtbarkeit verleihen wollte. Ein bisschen wie, wenn Sie den Besucher (oder den m\u00f6glichen K\u00e4ufer des letzten Modells) sanft zu einem Besuch &#8220;zwingen&#8221; wollten, bevor Sie die neuesten Kreationen des Hauses genie\u00dfen.<\/p>\n\n\n\n<p style=\"color:#ffffff\" class=\"has-text-color has-background has-very-dark-gray-background-color\">Seine Kreationen sprechen f\u00fcr Ferruccio. Der herausragende technisch-menschliche Ring zwischen dem blutgeborenen Gr\u00fcnder von Lamborghini und dem &#8220;Lambo&#8221; jeder Epoche ist auch Valentino Balboni (legend\u00e4rer Testfahrer des Hauses), den &#8220;La Manovella&#8221; bereits in der Septemberausgabe 2011 &#8220;erz\u00e4hlt&#8221; hat.<\/p>\n\n\n\n<p style=\"color:#ffffff\" class=\"has-text-color has-background has-very-dark-gray-background-color\">Das Museum, das er in seiner Firma besucht, verliert seine \u00fcblichen physischen Dimensionen. Sie betreten die Lamborghini-Welt, die aus Kraft, Geschwindigkeit und gesunder emilianischer Entschlossenheit besteht. Das erste ausgestellte Auto ist ein 350 GT, das Ergebnis der Herausforderung von Ferruccio Lamborghini an Enzo Ferrari.<\/p>\n\n\n\n<p style=\"color:#ffffff\" class=\"has-text-color has-background has-very-dark-gray-background-color\">Nach diesen beiden Kreationen beginnt das Unternehmen, die Namen der Bullen f\u00fcr die Autos zu w\u00e4hlen.<\/p>\n\n\n\n<p style=\"color:#ffffff\" class=\"has-text-color has-background has-very-dark-gray-background-color\">Ein Ehrenbereich im Museum ist einem pr\u00e4chtigen goldfarbenen Miura vorbehalten.<\/p>\n\n\n\n<p style=\"color:#ffffff\" class=\"has-text-color has-background has-very-dark-gray-background-color\">Wenn Sie im Museum spazieren, treffen sich andere Meilensteine \u200b\u200bin der Geschichte von Lamborghini, wie der Jarama (2 + 2) und der viersitzige Espada. Um wieder die Luft der &#8220;zwei trockenen Orte&#8221; einzuatmen, m\u00fcssen wir \u00fcber den Urraco sprechen, das erste Lamborghini-Auto mit einem 8-Zylinder-Motor.<\/p>\n\n\n\n<p style=\"color:#ffffff\" class=\"has-text-color has-background has-very-dark-gray-background-color\">Modelle wie der LM002, der Countach und der Diablo sind Teil der &#8220;j\u00fcngeren&#8221; Geschichte von Lamborghini. Der Nervenkitzel des Hinterradantriebs kann vom Kunden immer noch &#8220;probiert&#8221; werden. Es sei daran erinnert, dass Lamborghini ein Modell mit Allradantrieb in die Liste aufgenommen hat: den Gallardo LP 550-2 (in Coup\u00e9- und Spyder-Versionen). Bevorzugt von Kunden, die \u00dcbersteuern lieben.<\/p>\n","protected":false},"excerpt":{"rendered":"<p>Lamborghini liebt es, seine Eins\u00e4tze auf die Probe zu stellen. Er tut es auf direkte Weise, sichtbar wie ein Blitz in der Nacht. Als wir uns dem Geb\u00e4ude der ber\u00fchmten Automobilfabrik in Sant&#8217;Agata Bolognese n\u00e4hern, ist es auff\u00e4llig, dass die Firma Emilian ihrem Museum Sichtbarkeit verleihen wollte. Ein bisschen wie, wenn Sie den Besucher (oder [&hellip;]<\/p>\n","protected":false},"author":1,"featured_media":0,"parent":0,"menu_order":0,"comment_status":"closed","ping_status":"closed","template":"","meta":{"footnotes":""},"class_list":["post-2335","page","type-page","status-publish","hentry"],"aioseo_notices":[],"jetpack_sharing_enabled":true,"_links":{"self":[{"href":"https:\/\/www.ilovemaranello.com\/wp\/wp-json\/wp\/v2\/pages\/2335","targetHints":{"allow":["GET"]}}],"collection":[{"href":"https:\/\/www.ilovemaranello.com\/wp\/wp-json\/wp\/v2\/pages"}],"about":[{"href":"https:\/\/www.ilovemaranello.com\/wp\/wp-json\/wp\/v2\/types\/page"}],"author":[{"embeddable":true,"href":"https:\/\/www.ilovemaranello.com\/wp\/wp-json\/wp\/v2\/users\/1"}],"replies":[{"embeddable":true,"href":"https:\/\/www.ilovemaranello.com\/wp\/wp-json\/wp\/v2\/comments?post=2335"}],"version-history":[{"count":0,"href":"https:\/\/www.ilovemaranello.com\/wp\/wp-json\/wp\/v2\/pages\/2335\/revisions"}],"wp:attachment":[{"href":"https:\/\/www.ilovemaranello.com\/wp\/wp-json\/wp\/v2\/media?parent=2335"}],"curies":[{"name":"wp","href":"https:\/\/api.w.org\/{rel}","templated":true}]}}