{"id":2306,"date":"2019-09-10T22:46:27","date_gmt":"2019-09-10T20:46:27","guid":{"rendered":"https:\/\/www.ilovemaranello.com\/wp\/?page_id=2306"},"modified":"2019-09-12T01:35:38","modified_gmt":"2019-09-11T23:35:38","slug":"pagani-museum-und-werksfuhrung","status":"publish","type":"page","link":"https:\/\/www.ilovemaranello.com\/wp\/de\/pagani-museum-und-werksfuhrung","title":{"rendered":"Pagani Museum"},"content":{"rendered":"\n<div class=\"wp-block-button\"><a class=\"wp-block-button__link has-background has-vivid-red-background-color\" href=\"https:\/\/www.ilovemaranello.com\/wp\/de\/informationsanfrage\">Infos und Reservierungen<\/a><\/div>\n\n\n\n<figure class=\"wp-block-image\"><img decoding=\"async\" data-src=\"https:\/\/i1.wp.com\/www.ilovemaranello.com\/wp\/wp-content\/uploads\/2019\/09\/museo-horacio-pagani.jpg?w=1024&amp;ssl=1\" alt=\"\" src=\"data:image\/gif;base64,R0lGODlhAQABAAAAACH5BAEKAAEALAAAAAABAAEAAAICTAEAOw==\" class=\"lazyload\" \/><noscript><img decoding=\"async\" src=\"https:\/\/i1.wp.com\/www.ilovemaranello.com\/wp\/wp-content\/uploads\/2019\/09\/museo-horacio-pagani.jpg?w=1024&amp;ssl=1\" alt=\"\"\/><\/noscript><\/figure>\n\n\n\n<p style=\"color:#ffffff\" class=\"has-text-color has-background has-vivid-red-background-color\">Pagani Automobili wurde 1998 in San Cesario Sul Panaro in der Provinz Modena im Auftrag des italienisch-argentinischen Gr\u00fcnders Horacio Pagani gegr\u00fcndet, der zuvor die Abteilung f\u00fcr Verbundwerkstoffe bei Lamborghini leitete und sp\u00e4ter Modena Design leitete.<\/p>\n\n\n\n<p style=\"color:#ffffff\" class=\"has-text-color has-background has-very-dark-gray-background-color\">Grundlage der Unternehmensphilosophie sind die Renaissancekonzepte, die durch die Arbeit des gro\u00dfen Leonardo da Vinci verbreitet werden, wonach Kunst und Wissenschaft Disziplinen sind, die &#8220;Hand in Hand gehen&#8221; k\u00f6nnen.<\/p>\n\n\n\n<p style=\"color:#ffffff\" class=\"has-text-color has-background has-very-dark-gray-background-color\">Pagani Automobili kreiert nach diesem inspirierenden Prinzip, indem es Technik und Geschmack, Funktionalit\u00e4t und \u00c4sthetik, Handwerkskunst und technologisches Wissen kombiniert.<\/p>\n\n\n\n<p style=\"color:#ffffff\" class=\"has-text-color has-background has-very-dark-gray-background-color\">Pagani Automobili freut sich, Besucher in seinem Atelier in San Cesario sul Panaro (Modena) zu einer F\u00fchrung durch den Produktionsbereich in der neuen Fabrik in der Via dell&#8217;industria 26 zu begr\u00fc\u00dfen.<\/p>\n","protected":false},"excerpt":{"rendered":"<p>Pagani Automobili wurde 1998 in San Cesario Sul Panaro in der Provinz Modena im Auftrag des italienisch-argentinischen Gr\u00fcnders Horacio Pagani gegr\u00fcndet, der zuvor die Abteilung f\u00fcr Verbundwerkstoffe bei Lamborghini leitete und sp\u00e4ter Modena Design leitete. Grundlage der Unternehmensphilosophie sind die Renaissancekonzepte, die durch die Arbeit des gro\u00dfen Leonardo da Vinci verbreitet werden, wonach Kunst und [&hellip;]<\/p>\n","protected":false},"author":1,"featured_media":0,"parent":0,"menu_order":0,"comment_status":"closed","ping_status":"closed","template":"","meta":{"footnotes":""},"class_list":["post-2306","page","type-page","status-publish","hentry"],"aioseo_notices":[],"jetpack_sharing_enabled":true,"_links":{"self":[{"href":"https:\/\/www.ilovemaranello.com\/wp\/wp-json\/wp\/v2\/pages\/2306","targetHints":{"allow":["GET"]}}],"collection":[{"href":"https:\/\/www.ilovemaranello.com\/wp\/wp-json\/wp\/v2\/pages"}],"about":[{"href":"https:\/\/www.ilovemaranello.com\/wp\/wp-json\/wp\/v2\/types\/page"}],"author":[{"embeddable":true,"href":"https:\/\/www.ilovemaranello.com\/wp\/wp-json\/wp\/v2\/users\/1"}],"replies":[{"embeddable":true,"href":"https:\/\/www.ilovemaranello.com\/wp\/wp-json\/wp\/v2\/comments?post=2306"}],"version-history":[{"count":0,"href":"https:\/\/www.ilovemaranello.com\/wp\/wp-json\/wp\/v2\/pages\/2306\/revisions"}],"wp:attachment":[{"href":"https:\/\/www.ilovemaranello.com\/wp\/wp-json\/wp\/v2\/media?parent=2306"}],"curies":[{"name":"wp","href":"https:\/\/api.w.org\/{rel}","templated":true}]}}