{"id":2286,"date":"2019-09-10T22:30:34","date_gmt":"2019-09-10T20:30:34","guid":{"rendered":"https:\/\/www.ilovemaranello.com\/wp\/?page_id=2286"},"modified":"2019-09-10T22:33:26","modified_gmt":"2019-09-10T20:33:26","slug":"wo-wir-sind","status":"publish","type":"page","link":"https:\/\/www.ilovemaranello.com\/wp\/de\/wo-wir-sind","title":{"rendered":"Wo wir sind"},"content":{"rendered":"\n<iframe loading=\"lazy\" data-src=\"https:\/\/www.google.com\/maps\/embed?pb=!1m14!1m8!1m3!1d11377.128661653158!2d10.8637565!3d44.5298548!3m2!1i1024!2i768!4f13.1!3m3!1m2!1s0x0%3A0x36c501b94de53f35!2sI+Love+Maranello!5e0!3m2!1sit!2sit!4v1554304732152!5m2!1sit!2sit\" width=\"800\" height=\"600\" frameborder=\"0\" style=\"border:0\" allowfullscreen=\"\" src=\"data:image\/gif;base64,R0lGODlhAQABAAAAACH5BAEKAAEALAAAAAABAAEAAAICTAEAOw==\" class=\"lazyload\" data-load-mode=\"1\"><\/iframe>\n\n\n\n<p><strong>Aus Bologna<\/strong><\/p>\n\n\n\n<p>Von Borgo Panigale aus nehmen Sie die SS 9 &#8220;Via Emilia&#8221; in Richtung Modena, fahren an den St\u00e4dten Lavino di Mezzo, Anzola dell&#8217;Emilia, Ponte Samoggia und Castelfranco Emilia vorbei und in Modena weiter auf der SS 12 in Richtung Abetone &#8211; Vignola der SP 569 f\u00fcr Maranello.<\/p>\n\n\n\n<p><strong>Aus Modena<\/strong><\/p>\n\n\n\n<p>Nehmen Sie die SS 12 in Richtung Abetone &#8211; Vignola und folgen Sie den Schildern zur SP 569 in Richtung Maranello.<\/p>\n\n\n\n<p><strong>Mit dem zug<\/strong><br> Die Gemeinde Maranello hat keinen eigenen Bahnhof, der n\u00e4chste Bahnhof ist Modena (ca. 18 km von Maranello entfernt), der von der Eisenbahnlinie Mailand-Bologna bedient wird.<br> Vom Modenaer Bahnhof aus k\u00f6nnen Sie mit dem Bus zum nahe gelegenen Modenaer Busbahnhof fahren und dort mit der au\u00dferorts verkehrenden Linie &#8220;SETA&#8221; weiterfahren.<br> Die Fahrpl\u00e4ne finden Sie auf der Website der Ferrovie dello Stato unter www.ferroviedellostato.it\/.<\/p>\n\n\n\n<p><strong>Mit dem bus<\/strong><br> Autolinee SETA (Emiliana Trasporti Autofiloviari Company): Es ist das Hauptunternehmen, das den \u00f6ffentlichen Verkehr in Modena und seiner Provinz verwaltet.<\/p>\n\n\n\n<p>Au\u00dferortslinie 639 (Hin- und R\u00fcckfahrt): Sassuolo &#8211; Braida &#8211; Maranello &#8211; Pozza<\/p>\n\n\n\n<p>Au\u00dferortslinie 640 (Hin- und R\u00fcckfahrt): Vignola &#8211; Maranello &#8211; Sassuolo<\/p>\n\n\n\n<p>Au\u00dferortslinie 800 (Hin- und R\u00fcckfahrt): Modena &#8211; Maranello &#8211; Pavullo nel Frignano<\/p>\n\n\n\n<p>Au\u00dferortslinie 820 (Hin- und R\u00fcckfahrt): Modena &#8211; Maranello &#8211; Serramazzoni &#8211; Pavullo<\/p>\n\n\n\n<p>Weitere Informationen zu Linien und Fahrpl\u00e4nen finden Sie auf der Website http:\/\/www.setaweb.it\/<\/p>\n\n\n\n<p><strong>Flughafen Bologna (ca. 43 km)<\/strong><\/p>\n\n\n\n<p>Die AerBus-Linie der Firma &#8220;SETA&#8221; verbindet Modena (Busbahnhof) t\u00e4glich alle zwei Stunden mit dem Flughafen Bologna. Der Service ist von 5:15 bis 21:30 Uhr (f\u00fcr die Hinfahrt) und von 6:15 bis 22:30 Uhr (f\u00fcr die R\u00fcckfahrt) aktiv.<\/p>\n","protected":false},"excerpt":{"rendered":"<p>Aus Bologna Von Borgo Panigale aus nehmen Sie die SS 9 &#8220;Via Emilia&#8221; in Richtung Modena, fahren an den St\u00e4dten Lavino di Mezzo, Anzola dell&#8217;Emilia, Ponte Samoggia und Castelfranco Emilia vorbei und in Modena weiter auf der SS 12 in Richtung Abetone &#8211; Vignola der SP 569 f\u00fcr Maranello. Aus Modena Nehmen Sie die SS [&hellip;]<\/p>\n","protected":false},"author":1,"featured_media":0,"parent":0,"menu_order":0,"comment_status":"closed","ping_status":"closed","template":"","meta":{"footnotes":""},"class_list":["post-2286","page","type-page","status-publish","hentry"],"aioseo_notices":[],"jetpack_sharing_enabled":true,"_links":{"self":[{"href":"https:\/\/www.ilovemaranello.com\/wp\/wp-json\/wp\/v2\/pages\/2286","targetHints":{"allow":["GET"]}}],"collection":[{"href":"https:\/\/www.ilovemaranello.com\/wp\/wp-json\/wp\/v2\/pages"}],"about":[{"href":"https:\/\/www.ilovemaranello.com\/wp\/wp-json\/wp\/v2\/types\/page"}],"author":[{"embeddable":true,"href":"https:\/\/www.ilovemaranello.com\/wp\/wp-json\/wp\/v2\/users\/1"}],"replies":[{"embeddable":true,"href":"https:\/\/www.ilovemaranello.com\/wp\/wp-json\/wp\/v2\/comments?post=2286"}],"version-history":[{"count":0,"href":"https:\/\/www.ilovemaranello.com\/wp\/wp-json\/wp\/v2\/pages\/2286\/revisions"}],"wp:attachment":[{"href":"https:\/\/www.ilovemaranello.com\/wp\/wp-json\/wp\/v2\/media?parent=2286"}],"curies":[{"name":"wp","href":"https:\/\/api.w.org\/{rel}","templated":true}]}}