{"id":2044,"date":"2019-02-13T17:43:23","date_gmt":"2019-02-13T16:43:23","guid":{"rendered":"http:\/\/www.maranellotravel.it\/wp\/?page_id=400"},"modified":"2019-09-09T20:52:37","modified_gmt":"2019-09-09T18:52:37","slug":"politica-de-privacidad","status":"publish","type":"page","link":"https:\/\/www.ilovemaranello.com\/wp\/es\/politica-de-privacidad","title":{"rendered":"Pol\u00edtica de Privacidad"},"content":{"rendered":"\n<p><strong>INFORMACI\u00d3N DE PROCESAMIENTO DE DATOS\nPersonal<\/strong><strong><br>\n(arte. 13 y a ra\u00edz del Reglamento Europeo 679\/2016)<br>\n<br>\nEsta pol\u00edtica tiene por objeto describir c\u00f3mo\ngesti\u00f3n del sitio en relaci\u00f3n con el tratamiento de los datos personales de la\nvisitantes que lo consultan y lo utilizan para realizar pedidos\/compras. S\u00ed\nEsta es una informaci\u00f3n que se hace bajo el arte. 13 de las Reglas\nEuropeo No. 679\/2016 (Reglamento para la Protecci\u00f3n de Datos de Car\u00e1cter Personal en\nEstados) a aquellos que se conectan al sitio <br>\n<br>\nSus datos personales, facilitados a MA-RA-NEL-VIAGGI tras la consulta del sitio web\no la compra de productos\/servicios, son utilizados por MA-RA-NEL-VIAGGI\nde acuerdo con los principios de protecci\u00f3n de la privacidad establecidos en el\nNormas europeas y otras normas pertinentes.<br>\n<br>\n<\/strong><strong>Propietario del tratamiento<\/strong><strong><br>\n<br>\nEl propietario del tratamiento es MA-RA-NEL-VIAGGI, con sede en Via\nDino Ferrari 15 41053 Maranello (MO) partido\nIVA 02645750361, <br>\n<br>\nSe nombrar\u00e1n los responsables del tratamiento,\nCuando el Titular es designado para asignaciones externas para el\nusted necesita compartir los datos de su cliente, por el \u00fanico tiempo que tiene que\nrelacionados con los contratos\/relaciones que puedan estar en vigor entre las partes,\nentre los que presentan salvaguardias suficientes para establecer medidas\nt\u00e9cnicas y t\u00e9cnicas organizativas adecuadas para que el tratamiento\nRegulaci\u00f3n y garantizar la protecci\u00f3n de los derechos del interesado y\nantes de la suscripci\u00f3n por el Administrador de Contratos\/addendum\nasignaci\u00f3n profesional que contiene los requisitos y especificaciones de la\ntratamiento en s\u00ed.<br>\n<br>\n<\/strong><strong>Prop\u00f3sito y base jur\u00eddica\nTratamiento<\/strong><strong><br>\n<br>\nLa finalidad del tratamiento de los datos\nusuario son:<br>\n<br>\n(a) el cumplimiento de relaciones precontractuales y contractuales\nexistentes entre las partes y el cumplimiento de las normas y obligaciones legales a las que\nEl titular del tratamiento est\u00e1 sujeto (como ejemplo de registro a la\ncompra de servicios, atenci\u00f3n al cliente en el uso de productos, y\nservicios prestados por la Compa\u00f1\u00eda);<br>\n<br>\nb) prop\u00f3sitos adicionales y diferentes que los\n(marketing en productos de la empresa, env\u00edo de la persona\nboletines informativos, comunicaciones comerciales y\/o servicios de material publicitario y\notros productos de la empresa).<br>\n<br>\nPara la consecuci\u00f3n de los objetivos mencionados en el punto a)\nel tratamiento de los datos personales de la persona es necesario y el consentimiento\nal mismo tiempo que se cumple directamente en la cesi\u00f3n\/compra\nProducto.<br>\n<br>\nPara el tratamiento de los datos de la persona sobre el\nantes de fines precontractuales\/contractuales\n(b) se requiere el consentimiento expreso del interesado, siempre y cuando\nindiferente a la forma en papel o telem\u00e1ticamente por el mismo.<br>\n<br>\n<\/strong><strong>Bestowal y naturaleza\ndatos obligatorios u opcionales<\/strong><strong><br>\n<br>\nLos datos personales requeridos son s\u00f3lo aquellos\nnecesario para satisfacer la solicitud del usuario, en pleno cumplimiento de la\nprincipios de adecuaci\u00f3n del trato sancionado por el Reglamento europeo.\nPor lo tanto, son obligatorios, ya que son estrictamente funcionales para la ejecuci\u00f3n\nservicios solicitados por el usuario.<br>\n<br>\nEn particular:<br>\n<br>\n&#8211; Apellido, nombre, correo electr\u00f3nico, contrase\u00f1a para registrarse en el sitio<br>\n&#8211; Informaci\u00f3n fiscal para la compra de productos y servicios prestados\nSociedad.<br>\n<br>\nEstos datos, con el consentimiento expreso proporcionado en la forma\ntambi\u00e9n pueden utilizarse para fines adicionales de los cuales\n(b) del paso anterior.&nbsp;<br>\n<br>\nSin embargo, cada usuario tiene derecho, directamente desde su propia\n\u00e1rea personal del sitio, para modular su consentimiento (para los fines\ncontrato) en todo momento.<br>\n<br>\n<\/strong><strong>C\u00f3mo se trata<\/strong><strong><br>\n<br>\nEl tratamiento y la conservaci\u00f3n de los datos ser\u00e1\ncon la ayuda de herramientas y medios inform\u00e1ticos automatizados\ncomo permitir al usuario\/cliente acceder a sus datos\ninformaci\u00f3n personal en ns. posesi\u00f3n, de la manera m\u00e1s apropiada para asegurar que\nintegridad, actualizaci\u00f3n, seguridad y confidencialidad, protegi\u00e9ndolos\ntratamiento no autorizado y\/o ilegal, as\u00ed como p\u00e9rdida,\ndestrucci\u00f3n o da\u00f1o accidental.&nbsp;<br>\n<br>\nExcepto por las comunicaciones que se hacen\nobligaciones legales, los datos pueden ser divulgados a personas\nque llevan a cabo tareas espec\u00edficas en nombre del escritor\ncompromiso con la protecci\u00f3n de sus datos personales de acuerdo con\ndisposiciones de esta Pol\u00edtica y las Reglas sobre el Jefe\ntratamiento mencionado en artt. 28 y siguientes del Reglamento 679\/2016 de la UE, as\u00ed como\nnormas legales aplicables.<br>\n<br>\n<\/strong><strong>Duraci\u00f3n del tratamiento<\/strong><strong><br>\n<br>\nEl tratamiento de los datos se llevar\u00e1 a cabo en\nla duraci\u00f3n de las relaciones establecidas entre las partes y, despu\u00e9s de\nla relaci\u00f3n\/contrato pendiente, con el fin de cumplir con la\ncivil y fiscal aplicable a la relaci\u00f3n pendiente,\nobligaci\u00f3n legal\/de cumplimiento a la que el Titular est\u00e1 obligado a\n(a) mientras, para el rendimiento\n(b) sujeto al consentimiento, tendr\u00e1 lugar hasta que\nel consentimiento no ser\u00e1 revocado por el interesado.<br>\n<br>\n<\/strong><strong>Derechos del interesado<\/strong><strong><br>\n<br>\nEn cualquier momento, el interesado podr\u00e1 ejercer, con una solicitud\nescrito, con respecto al propietario del tratamiento identificado anteriormente, todos los\nderechos reconocidos por la legislaci\u00f3n europea y nacional aplicable\nLos art\u00edculos 13, 14, 15 a 22 y 34 del Reglamento Europeo y el\nlegislaci\u00f3n nacional en vigor, en particular:<br>\n<br>\n(a) el derecho a obtener confirmaci\u00f3n de si existe o no\ndatos que le conciernen, incluso si a\u00fan no est\u00e1 registrado, y su\ncomunicaci\u00f3n en forma inteligible, el derecho a obtener\nacceso y\/o copia de sus datos personales procesados con\ntodos los aspectos relevantes para el tratamiento proporcionado por Reg.\nUe.<br>\nb) el derecho a obtener la actualizaci\u00f3n de forma gratuita,\ndatos inexactos, limitaci\u00f3n del procesamiento o, cuando\ninteresados en la integraci\u00f3n de datos&nbsp;<br>\n<br>\nc) el derecho a oponerse, total o parcialmente, al tratamiento\ndatos personales que le conciernen incluso si son relevantes para el prop\u00f3sito de la\npor razones leg\u00edtimas o para revocar, total o parcialmente, su\nconsentimiento, si es necesario<br>\n<br>\n(d) el derecho a presentar una reclamaci\u00f3n ante una autoridad sanitaria\n(Autoridad de Protecci\u00f3n de Datos) o autoridad judicial;<br>\n<br>\nLa lista completa de los derechos de la persona est\u00e1 disponible\nen papel en la Oficina del Propietario del Tratamiento o por correo electr\u00f3nico antes de\nsolicitud por escrito de la misma.<br>\n<br>\n<\/strong><strong>ACERCA DE LAS COOKIES<\/strong><strong><br>\n<br>\n<\/strong><strong>\u00bfQu\u00e9 es una galleta y qu\u00e9\nlo que necesita<\/strong><strong><br>\n<br>\nEn ciencias de la computaci\u00f3n, las cookies HTTP (m\u00e1s com\u00fanmente conocidas como Web\ncookies de seguimiento o simplemente cookies) son l\u00edneas de texto\nrealizar autenticaci\u00f3n autom\u00e1tica, seguimiento de sesiones y almacenamiento\ninformaci\u00f3n espec\u00edfica sobre los usuarios que acceden al servidor, como\npor ejemplo, sitios web preferidos o, en el caso de compras por Internet, contenidos\nde sus &#8220;carros de la compra&#8221;. En t\u00e9rminos pr\u00e1cticos y no especializados, un\ncookie es un peque\u00f1o archivo, almacenado en su ordenador por los sitios web durante\npreferencias de ahorro y mejorar el rendimiento de su\nSitios web. Esto optimiza la experiencia de navegaci\u00f3n\nnombre del usuario. (Wikipedia)<br>\n<br>\n<\/strong><strong>Uso de cookies<\/strong><strong><br>\n<br>\nEl sitio utiliza cookies para hacer sus servicios\nsimple y eficiente para los usuarios que ven las p\u00e1ginas del sitio.<br>\n<br>\nLos usuarios que vean el Sitio ver\u00e1n\ncantidades m\u00ednimas de informaci\u00f3n en sus dispositivos, ya sean computadoras y computadoras.\npeque\u00f1os archivos de texto llamados &#8220;cookies&#8221; guardados en el\ndirectorio utilizado por el navegador web del Usuario.<br>\n<br>\nAl deshabilitar las cookies, algunos de nuestros servicios pueden\nmal funcionamiento y algunas p\u00e1ginas no las mostrar\u00e1n correctamente.<\/strong><\/p>\n","protected":false},"excerpt":{"rendered":"<p>INFORMACI\u00d3N DE PROCESAMIENTO DE DATOS Personal (arte. 13 y a ra\u00edz del Reglamento Europeo 679\/2016) Esta pol\u00edtica tiene por objeto describir c\u00f3mo gesti\u00f3n del sitio en relaci\u00f3n con el tratamiento de los datos personales de la visitantes que lo consultan y lo utilizan para realizar pedidos\/compras. S\u00ed Esta es una informaci\u00f3n que se hace bajo [&hellip;]<\/p>\n","protected":false},"author":1,"featured_media":0,"parent":0,"menu_order":0,"comment_status":"closed","ping_status":"closed","template":"","meta":{"footnotes":""},"class_list":["post-2044","page","type-page","status-publish","hentry"],"aioseo_notices":[],"jetpack_sharing_enabled":true,"_links":{"self":[{"href":"https:\/\/www.ilovemaranello.com\/wp\/wp-json\/wp\/v2\/pages\/2044","targetHints":{"allow":["GET"]}}],"collection":[{"href":"https:\/\/www.ilovemaranello.com\/wp\/wp-json\/wp\/v2\/pages"}],"about":[{"href":"https:\/\/www.ilovemaranello.com\/wp\/wp-json\/wp\/v2\/types\/page"}],"author":[{"embeddable":true,"href":"https:\/\/www.ilovemaranello.com\/wp\/wp-json\/wp\/v2\/users\/1"}],"replies":[{"embeddable":true,"href":"https:\/\/www.ilovemaranello.com\/wp\/wp-json\/wp\/v2\/comments?post=2044"}],"version-history":[{"count":0,"href":"https:\/\/www.ilovemaranello.com\/wp\/wp-json\/wp\/v2\/pages\/2044\/revisions"}],"wp:attachment":[{"href":"https:\/\/www.ilovemaranello.com\/wp\/wp-json\/wp\/v2\/media?parent=2044"}],"curies":[{"name":"wp","href":"https:\/\/api.w.org\/{rel}","templated":true}]}}