{"id":1973,"date":"2019-03-28T10:20:44","date_gmt":"2019-03-28T09:20:44","guid":{"rendered":"http:\/\/www.ilovemaranello.com\/wp\/?page_id=740"},"modified":"2019-09-10T00:21:58","modified_gmt":"2019-09-09T22:21:58","slug":"lamborghini-fabrica-y-museo-2","status":"publish","type":"page","link":"https:\/\/www.ilovemaranello.com\/wp\/es\/lamborghini-fabrica-y-museo-2","title":{"rendered":"Museo Lamborghini"},"content":{"rendered":"\n<div class=\"wp-block-button\"><a class=\"wp-block-button__link has-background has-vivid-red-background-color\" href=\"https:\/\/www.ilovemaranello.com\/wp\/es\/solicitud-informacion\"><strong><em>Informaci\u00f3n y Reservas<\/em><\/strong><\/a><\/div>\n\n\n\n<div class=\"wp-block-image\"><figure class=\"aligncenter\"><img data-recalc-dims=\"1\" loading=\"lazy\" decoding=\"async\" width=\"600\" height=\"400\" data-src=\"https:\/\/i0.wp.com\/www.ilovemaranello.com\/wp\/wp-content\/uploads\/2019\/09\/museo-fabbrica-lamborghini.jpg?resize=600%2C400&#038;ssl=1\" alt=\"museo-f\u00e1brica-lamborghini\" class=\"wp-image-1820 lazyload\" data-srcset=\"https:\/\/i0.wp.com\/www.ilovemaranello.com\/wp\/wp-content\/uploads\/2019\/09\/museo-fabbrica-lamborghini.jpg?resize=1024%2C683&amp;ssl=1 1024w, https:\/\/i0.wp.com\/www.ilovemaranello.com\/wp\/wp-content\/uploads\/2019\/09\/museo-fabbrica-lamborghini.jpg?resize=300%2C200&amp;ssl=1 300w, https:\/\/i0.wp.com\/www.ilovemaranello.com\/wp\/wp-content\/uploads\/2019\/09\/museo-fabbrica-lamborghini.jpg?resize=768%2C512&amp;ssl=1 768w, https:\/\/i0.wp.com\/www.ilovemaranello.com\/wp\/wp-content\/uploads\/2019\/09\/museo-fabbrica-lamborghini.jpg?w=1620&amp;ssl=1 1620w, https:\/\/i0.wp.com\/www.ilovemaranello.com\/wp\/wp-content\/uploads\/2019\/09\/museo-fabbrica-lamborghini.jpg?w=1200&amp;ssl=1 1200w\" data-sizes=\"auto, (max-width: 600px) 100vw, 600px\" src=\"data:image\/gif;base64,R0lGODlhAQABAAAAACH5BAEKAAEALAAAAAABAAEAAAICTAEAOw==\" style=\"--smush-placeholder-width: 600px; --smush-placeholder-aspect-ratio: 600\/400;\" \/><noscript><img data-recalc-dims=\"1\" loading=\"lazy\" decoding=\"async\" width=\"600\" height=\"400\" src=\"https:\/\/i0.wp.com\/www.ilovemaranello.com\/wp\/wp-content\/uploads\/2019\/09\/museo-fabbrica-lamborghini.jpg?resize=600%2C400&#038;ssl=1\" alt=\"museo-f\u00e1brica-lamborghini\" class=\"wp-image-1820\" srcset=\"https:\/\/i0.wp.com\/www.ilovemaranello.com\/wp\/wp-content\/uploads\/2019\/09\/museo-fabbrica-lamborghini.jpg?resize=1024%2C683&amp;ssl=1 1024w, https:\/\/i0.wp.com\/www.ilovemaranello.com\/wp\/wp-content\/uploads\/2019\/09\/museo-fabbrica-lamborghini.jpg?resize=300%2C200&amp;ssl=1 300w, https:\/\/i0.wp.com\/www.ilovemaranello.com\/wp\/wp-content\/uploads\/2019\/09\/museo-fabbrica-lamborghini.jpg?resize=768%2C512&amp;ssl=1 768w, https:\/\/i0.wp.com\/www.ilovemaranello.com\/wp\/wp-content\/uploads\/2019\/09\/museo-fabbrica-lamborghini.jpg?w=1620&amp;ssl=1 1620w, https:\/\/i0.wp.com\/www.ilovemaranello.com\/wp\/wp-content\/uploads\/2019\/09\/museo-fabbrica-lamborghini.jpg?w=1200&amp;ssl=1 1200w\" sizes=\"auto, (max-width: 600px) 100vw, 600px\" \/><\/noscript><\/figure><\/div>\n\n\n\n<p class=\"has-text-color has-background has-very-light-gray-color has-vivid-red-background-color\">A Lamborghini le gusta apostar en el estrado. Lo hace de una manera directa, visible como un destello en la noche. Al acercarse a la construcci\u00f3n de la famosa f\u00e1brica de autom\u00f3viles de Sant&#8217;Agata Bolognese, llama la atenci\u00f3n la visibilidad que la empresa emiliana quer\u00eda dar a su museo. Es un poco como si quisieras &#8220;obligar&#8221; suavemente al visitante (o al posible comprador del \u00faltimo modelo) a una visita antes de saborear las \u00faltimas creaciones de la casa.<\/p>\n\n\n\n<p class=\"has-text-color has-background has-very-light-gray-color has-very-dark-gray-background-color\">Hablar en palabra seg\u00fan Ferruccio son sus creaciones. El excelente v\u00ednculo t\u00e9cnico\/humano entre el fundador sanguineo de Lamborghini y el &#8220;Lambo&#8221; de todas las \u00e9pocas es tambi\u00e9n Valentino Balboni (piloto de pruebas m\u00edticos de la casa), ya &#8220;contado&#8221; por &#8220;La Manovella&#8221; en el n\u00famero de septiembre de 2011.<\/p>\n\n\n\n<p class=\"has-text-color has-background has-very-light-gray-color has-very-dark-gray-background-color\">Visitado en su empresa, el museo pierde sus dimensiones f\u00edsicas habituales. Entras en el mundo de Lamborghini, hecho de poder, velocidad y valor emiliano saludable. El primer coche en exhibici\u00f3n es un 350 GT, el resultado del desaf\u00edo lanzado por Ferruccio Lamborghini a Enzo Ferrari.<\/p>\n\n\n\n<p class=\"has-text-color has-background has-very-light-gray-color has-very-dark-gray-background-color\">Despu\u00e9s de estas dos creaciones la empresa comienza a elegir los nombres de los toros para los coches.<\/p>\n\n\n\n<p class=\"has-text-color has-background has-very-light-gray-color has-very-dark-gray-background-color\">Un espacio de honor en el museo est\u00e1 reservado para una hermosa Miura de oro.<\/p>\n\n\n\n<p class=\"has-text-color has-background has-very-light-gray-color has-very-dark-gray-background-color\">Caminando por el museo encontrar\u00e1 otros hitos en la historia de Lamborghini, como el Jarama (2o) y el Espada de 4 plazas. Para volver a respirar el aire de los &#8220;dos asientos secos&#8221; es necesario hablar del Urraco, el primer coche Lamborghini con motor de 8 cilindros.<\/p>\n\n\n\n<p class=\"has-text-color has-background has-very-light-gray-color has-very-dark-gray-background-color\">La historia &#8220;reciente&#8221; del Lamborghini incluye modelos como el LM002, Countach y Diablo. Sin embargo, las emociones de la tracci\u00f3n trasera todav\u00eda pueden ser &#8220;degustadas&#8221; por los clientes. Cabe recordar que el Lamborghini ha introducido un modelo de tracci\u00f3n a las cuatro ruedas en la lista: es el Gallardo LP 550-2 (en las versiones coup\u00e9 y spyder). Favoritos para clientes de sobreviraje.<\/p>\n","protected":false},"excerpt":{"rendered":"<p>A Lamborghini le gusta apostar en el estrado. Lo hace de una manera directa, visible como un destello en la noche. Al acercarse a la construcci\u00f3n de la famosa f\u00e1brica de autom\u00f3viles de Sant&#8217;Agata Bolognese, llama la atenci\u00f3n la visibilidad que la empresa emiliana quer\u00eda dar a su museo. Es un poco como si quisieras [&hellip;]<\/p>\n","protected":false},"author":1,"featured_media":0,"parent":0,"menu_order":0,"comment_status":"closed","ping_status":"closed","template":"","meta":{"footnotes":""},"class_list":["post-1973","page","type-page","status-publish","hentry"],"aioseo_notices":[],"jetpack_sharing_enabled":true,"_links":{"self":[{"href":"https:\/\/www.ilovemaranello.com\/wp\/wp-json\/wp\/v2\/pages\/1973","targetHints":{"allow":["GET"]}}],"collection":[{"href":"https:\/\/www.ilovemaranello.com\/wp\/wp-json\/wp\/v2\/pages"}],"about":[{"href":"https:\/\/www.ilovemaranello.com\/wp\/wp-json\/wp\/v2\/types\/page"}],"author":[{"embeddable":true,"href":"https:\/\/www.ilovemaranello.com\/wp\/wp-json\/wp\/v2\/users\/1"}],"replies":[{"embeddable":true,"href":"https:\/\/www.ilovemaranello.com\/wp\/wp-json\/wp\/v2\/comments?post=1973"}],"version-history":[{"count":0,"href":"https:\/\/www.ilovemaranello.com\/wp\/wp-json\/wp\/v2\/pages\/1973\/revisions"}],"wp:attachment":[{"href":"https:\/\/www.ilovemaranello.com\/wp\/wp-json\/wp\/v2\/media?parent=1973"}],"curies":[{"name":"wp","href":"https:\/\/api.w.org\/{rel}","templated":true}]}}