{"id":1968,"date":"2019-08-18T15:25:01","date_gmt":"2019-08-18T13:25:01","guid":{"rendered":"http:\/\/www.ilovemaranello.com\/wp\/?page_id=1203"},"modified":"2019-09-09T17:38:01","modified_gmt":"2019-09-09T15:38:01","slug":"i-nuestros-clientes","status":"publish","type":"page","link":"https:\/\/www.ilovemaranello.com\/wp\/es\/i-nuestros-clientes","title":{"rendered":"Nuestros Clientes"},"content":{"rendered":"\n<p>En muchos a\u00f1os hemos conocido a muchas empresas que nos han permitido comparar nuestra experiencia con toda la industria y los modelos de negocio: desde la automoci\u00f3n hasta la moda, desde las finanzas a la alimentaci\u00f3n, desde el comercio minorista hasta el comercio electr\u00f3nico y \u00faltimamente tambi\u00e9n con el sector cer\u00e1mico. Estos son solo algunos de nuestros clientes, con los que hemos compartido experiencias fant\u00e1sticas. Un agradecimiento especial a todos ellos.<\/p>\n\n\n\n<div class=\"wp-block-image\"><figure class=\"alignleft\"><img data-recalc-dims=\"1\" loading=\"lazy\" decoding=\"async\" width=\"150\" height=\"150\" data-src=\"https:\/\/i0.wp.com\/www.ilovemaranello.com\/wp\/wp-content\/uploads\/2019\/03\/StarCasino-e1553093728255-150x150.jpg?resize=150%2C150\" alt=\"\" class=\"wp-image-661 lazyload\" data-srcset=\"https:\/\/i0.wp.com\/www.ilovemaranello.com\/wp\/wp-content\/uploads\/2019\/03\/StarCasino-e1553093728255.jpg?resize=150%2C150&amp;ssl=1 150w, https:\/\/i0.wp.com\/www.ilovemaranello.com\/wp\/wp-content\/uploads\/2019\/03\/StarCasino-e1553093728255.jpg?resize=300%2C300&amp;ssl=1 300w, https:\/\/i0.wp.com\/www.ilovemaranello.com\/wp\/wp-content\/uploads\/2019\/03\/StarCasino-e1553093728255.jpg?w=533&amp;ssl=1 533w\" data-sizes=\"auto, (max-width: 150px) 100vw, 150px\" src=\"data:image\/gif;base64,R0lGODlhAQABAAAAACH5BAEKAAEALAAAAAABAAEAAAICTAEAOw==\" style=\"--smush-placeholder-width: 150px; --smush-placeholder-aspect-ratio: 150\/150;\" \/><noscript><img data-recalc-dims=\"1\" loading=\"lazy\" decoding=\"async\" width=\"150\" height=\"150\" src=\"https:\/\/i0.wp.com\/www.ilovemaranello.com\/wp\/wp-content\/uploads\/2019\/03\/StarCasino-e1553093728255-150x150.jpg?resize=150%2C150\" alt=\"\" class=\"wp-image-661\" srcset=\"https:\/\/i0.wp.com\/www.ilovemaranello.com\/wp\/wp-content\/uploads\/2019\/03\/StarCasino-e1553093728255.jpg?resize=150%2C150&amp;ssl=1 150w, https:\/\/i0.wp.com\/www.ilovemaranello.com\/wp\/wp-content\/uploads\/2019\/03\/StarCasino-e1553093728255.jpg?resize=300%2C300&amp;ssl=1 300w, https:\/\/i0.wp.com\/www.ilovemaranello.com\/wp\/wp-content\/uploads\/2019\/03\/StarCasino-e1553093728255.jpg?w=533&amp;ssl=1 533w\" sizes=\"auto, (max-width: 150px) 100vw, 150px\" \/><\/noscript><figcaption><strong>STAR CASINO<\/strong><\/figcaption><\/figure><\/div>\n\n\n\n<div class=\"wp-block-image\"><figure class=\"alignleft\"><img data-recalc-dims=\"1\" loading=\"lazy\" decoding=\"async\" width=\"150\" height=\"150\" data-src=\"https:\/\/i0.wp.com\/www.ilovemaranello.com\/wp\/wp-content\/uploads\/2019\/03\/Axa-e1553093615226-150x150.jpg?resize=150%2C150\" alt=\"\" class=\"wp-image-659 lazyload\" data-srcset=\"https:\/\/i0.wp.com\/www.ilovemaranello.com\/wp\/wp-content\/uploads\/2019\/03\/Axa-e1553093615226.jpg?resize=150%2C150&amp;ssl=1 150w, https:\/\/i0.wp.com\/www.ilovemaranello.com\/wp\/wp-content\/uploads\/2019\/03\/Axa-e1553093615226.jpg?resize=300%2C300&amp;ssl=1 300w, https:\/\/i0.wp.com\/www.ilovemaranello.com\/wp\/wp-content\/uploads\/2019\/03\/Axa-e1553093615226.jpg?w=418&amp;ssl=1 418w\" data-sizes=\"auto, (max-width: 150px) 100vw, 150px\" src=\"data:image\/gif;base64,R0lGODlhAQABAAAAACH5BAEKAAEALAAAAAABAAEAAAICTAEAOw==\" style=\"--smush-placeholder-width: 150px; --smush-placeholder-aspect-ratio: 150\/150;\" \/><noscript><img data-recalc-dims=\"1\" loading=\"lazy\" decoding=\"async\" width=\"150\" height=\"150\" src=\"https:\/\/i0.wp.com\/www.ilovemaranello.com\/wp\/wp-content\/uploads\/2019\/03\/Axa-e1553093615226-150x150.jpg?resize=150%2C150\" alt=\"\" class=\"wp-image-659\" srcset=\"https:\/\/i0.wp.com\/www.ilovemaranello.com\/wp\/wp-content\/uploads\/2019\/03\/Axa-e1553093615226.jpg?resize=150%2C150&amp;ssl=1 150w, https:\/\/i0.wp.com\/www.ilovemaranello.com\/wp\/wp-content\/uploads\/2019\/03\/Axa-e1553093615226.jpg?resize=300%2C300&amp;ssl=1 300w, https:\/\/i0.wp.com\/www.ilovemaranello.com\/wp\/wp-content\/uploads\/2019\/03\/Axa-e1553093615226.jpg?w=418&amp;ssl=1 418w\" sizes=\"auto, (max-width: 150px) 100vw, 150px\" \/><\/noscript><figcaption><strong>AXA<\/strong><\/figcaption><\/figure><\/div>\n\n\n\n<div class=\"wp-block-image\"><figure class=\"alignleft\"><img data-recalc-dims=\"1\" loading=\"lazy\" decoding=\"async\" width=\"150\" height=\"150\" data-src=\"https:\/\/i0.wp.com\/www.ilovemaranello.com\/wp\/wp-content\/uploads\/2019\/03\/AMD-e1553093521163-150x150.jpg?resize=150%2C150\" alt=\"\" class=\"wp-image-657 lazyload\" data-srcset=\"https:\/\/i0.wp.com\/www.ilovemaranello.com\/wp\/wp-content\/uploads\/2019\/03\/AMD-e1553093521163.jpg?resize=150%2C150&amp;ssl=1 150w, https:\/\/i0.wp.com\/www.ilovemaranello.com\/wp\/wp-content\/uploads\/2019\/03\/AMD-e1553093521163.jpg?resize=300%2C300&amp;ssl=1 300w, https:\/\/i0.wp.com\/www.ilovemaranello.com\/wp\/wp-content\/uploads\/2019\/03\/AMD-e1553093521163.jpg?w=432&amp;ssl=1 432w\" data-sizes=\"auto, (max-width: 150px) 100vw, 150px\" src=\"data:image\/gif;base64,R0lGODlhAQABAAAAACH5BAEKAAEALAAAAAABAAEAAAICTAEAOw==\" style=\"--smush-placeholder-width: 150px; --smush-placeholder-aspect-ratio: 150\/150;\" \/><noscript><img data-recalc-dims=\"1\" loading=\"lazy\" decoding=\"async\" width=\"150\" height=\"150\" src=\"https:\/\/i0.wp.com\/www.ilovemaranello.com\/wp\/wp-content\/uploads\/2019\/03\/AMD-e1553093521163-150x150.jpg?resize=150%2C150\" alt=\"\" class=\"wp-image-657\" srcset=\"https:\/\/i0.wp.com\/www.ilovemaranello.com\/wp\/wp-content\/uploads\/2019\/03\/AMD-e1553093521163.jpg?resize=150%2C150&amp;ssl=1 150w, https:\/\/i0.wp.com\/www.ilovemaranello.com\/wp\/wp-content\/uploads\/2019\/03\/AMD-e1553093521163.jpg?resize=300%2C300&amp;ssl=1 300w, https:\/\/i0.wp.com\/www.ilovemaranello.com\/wp\/wp-content\/uploads\/2019\/03\/AMD-e1553093521163.jpg?w=432&amp;ssl=1 432w\" sizes=\"auto, (max-width: 150px) 100vw, 150px\" \/><\/noscript><figcaption><strong>AMD<\/strong><\/figcaption><\/figure><\/div>\n\n\n\n<div class=\"wp-block-image\"><figure class=\"alignleft\"><img data-recalc-dims=\"1\" loading=\"lazy\" decoding=\"async\" width=\"150\" height=\"150\" data-src=\"https:\/\/i0.wp.com\/www.ilovemaranello.com\/wp\/wp-content\/uploads\/2019\/03\/unilever-1-e1552909698548-150x150.jpg?resize=150%2C150\" alt=\"\" class=\"wp-image-649 lazyload\" data-srcset=\"https:\/\/i0.wp.com\/www.ilovemaranello.com\/wp\/wp-content\/uploads\/2019\/03\/unilever-1-e1552909698548.jpg?resize=150%2C150&amp;ssl=1 150w, https:\/\/i0.wp.com\/www.ilovemaranello.com\/wp\/wp-content\/uploads\/2019\/03\/unilever-1-e1552909698548.jpg?resize=300%2C300&amp;ssl=1 300w, https:\/\/i0.wp.com\/www.ilovemaranello.com\/wp\/wp-content\/uploads\/2019\/03\/unilever-1-e1552909698548.jpg?w=461&amp;ssl=1 461w\" data-sizes=\"auto, (max-width: 150px) 100vw, 150px\" src=\"data:image\/gif;base64,R0lGODlhAQABAAAAACH5BAEKAAEALAAAAAABAAEAAAICTAEAOw==\" style=\"--smush-placeholder-width: 150px; --smush-placeholder-aspect-ratio: 150\/150;\" \/><noscript><img data-recalc-dims=\"1\" loading=\"lazy\" decoding=\"async\" width=\"150\" height=\"150\" src=\"https:\/\/i0.wp.com\/www.ilovemaranello.com\/wp\/wp-content\/uploads\/2019\/03\/unilever-1-e1552909698548-150x150.jpg?resize=150%2C150\" alt=\"\" class=\"wp-image-649\" srcset=\"https:\/\/i0.wp.com\/www.ilovemaranello.com\/wp\/wp-content\/uploads\/2019\/03\/unilever-1-e1552909698548.jpg?resize=150%2C150&amp;ssl=1 150w, https:\/\/i0.wp.com\/www.ilovemaranello.com\/wp\/wp-content\/uploads\/2019\/03\/unilever-1-e1552909698548.jpg?resize=300%2C300&amp;ssl=1 300w, https:\/\/i0.wp.com\/www.ilovemaranello.com\/wp\/wp-content\/uploads\/2019\/03\/unilever-1-e1552909698548.jpg?w=461&amp;ssl=1 461w\" sizes=\"auto, (max-width: 150px) 100vw, 150px\" \/><\/noscript><figcaption><strong>UNILEVER<\/strong><\/figcaption><\/figure><\/div>\n\n\n\n<div class=\"wp-block-image\"><figure class=\"alignleft is-resized\"><img data-recalc-dims=\"1\" loading=\"lazy\" decoding=\"async\" data-src=\"https:\/\/i0.wp.com\/www.ilovemaranello.com\/wp\/wp-content\/uploads\/2019\/08\/Paul-Ceramiche.gif?resize=151%2C151\" alt=\"\" class=\"wp-image-1252 lazyload\" width=\"151\" height=\"151\" src=\"data:image\/gif;base64,R0lGODlhAQABAAAAACH5BAEKAAEALAAAAAABAAEAAAICTAEAOw==\" style=\"--smush-placeholder-width: 151px; --smush-placeholder-aspect-ratio: 151\/151;\" \/><noscript><img data-recalc-dims=\"1\" loading=\"lazy\" decoding=\"async\" src=\"https:\/\/i0.wp.com\/www.ilovemaranello.com\/wp\/wp-content\/uploads\/2019\/08\/Paul-Ceramiche.gif?resize=151%2C151\" alt=\"\" class=\"wp-image-1252\" width=\"151\" height=\"151\"\/><\/noscript><figcaption><strong>PAUL&amp;CO CERAMICS<\/strong><\/figcaption><\/figure><\/div>\n","protected":false},"excerpt":{"rendered":"<p>En muchos a\u00f1os hemos conocido a muchas empresas que nos han permitido comparar nuestra experiencia con toda la industria y los modelos de negocio: desde la automoci\u00f3n hasta la moda, desde las finanzas a la alimentaci\u00f3n, desde el comercio minorista hasta el comercio electr\u00f3nico y \u00faltimamente tambi\u00e9n con el sector cer\u00e1mico. Estos son solo algunos [&hellip;]<\/p>\n","protected":false},"author":1,"featured_media":0,"parent":0,"menu_order":0,"comment_status":"closed","ping_status":"closed","template":"","meta":{"footnotes":""},"class_list":["post-1968","page","type-page","status-publish","hentry"],"aioseo_notices":[],"jetpack_sharing_enabled":true,"_links":{"self":[{"href":"https:\/\/www.ilovemaranello.com\/wp\/wp-json\/wp\/v2\/pages\/1968","targetHints":{"allow":["GET"]}}],"collection":[{"href":"https:\/\/www.ilovemaranello.com\/wp\/wp-json\/wp\/v2\/pages"}],"about":[{"href":"https:\/\/www.ilovemaranello.com\/wp\/wp-json\/wp\/v2\/types\/page"}],"author":[{"embeddable":true,"href":"https:\/\/www.ilovemaranello.com\/wp\/wp-json\/wp\/v2\/users\/1"}],"replies":[{"embeddable":true,"href":"https:\/\/www.ilovemaranello.com\/wp\/wp-json\/wp\/v2\/comments?post=1968"}],"version-history":[{"count":0,"href":"https:\/\/www.ilovemaranello.com\/wp\/wp-json\/wp\/v2\/pages\/1968\/revisions"}],"wp:attachment":[{"href":"https:\/\/www.ilovemaranello.com\/wp\/wp-json\/wp\/v2\/media?parent=1968"}],"curies":[{"name":"wp","href":"https:\/\/api.w.org\/{rel}","templated":true}]}}