{"id":1957,"date":"2019-03-29T12:43:05","date_gmt":"2019-03-29T11:43:05","guid":{"rendered":"http:\/\/www.ilovemaranello.com\/wp\/?page_id=751"},"modified":"2019-09-10T00:22:23","modified_gmt":"2019-09-09T22:22:23","slug":"horacio-pagani-museo-fabrica-tours","status":"publish","type":"page","link":"https:\/\/www.ilovemaranello.com\/wp\/es\/horacio-pagani-museo-fabrica-tours","title":{"rendered":"Museo y F\u00e1brica Pagani"},"content":{"rendered":"\n<div class=\"wp-block-button\"><a class=\"wp-block-button__link has-background has-vivid-red-background-color\" href=\"https:\/\/www.ilovemaranello.com\/wp\/es\/solicitud-informacion\"><strong><em>Informaci\u00f3n y Reservas<\/em><\/strong><\/a><\/div>\n\n\n\n<div class=\"wp-block-image\"><figure class=\"aligncenter\"><img data-recalc-dims=\"1\" loading=\"lazy\" decoding=\"async\" width=\"600\" height=\"333\" data-src=\"https:\/\/i0.wp.com\/www.ilovemaranello.com\/wp\/wp-content\/uploads\/2019\/09\/museo-horacio-pagani.jpg?resize=600%2C333&#038;ssl=1\" alt=\"museo-horacio-pagani\" class=\"wp-image-1818 lazyload\" data-srcset=\"https:\/\/i0.wp.com\/www.ilovemaranello.com\/wp\/wp-content\/uploads\/2019\/09\/museo-horacio-pagani.jpg?w=1024&amp;ssl=1 1024w, https:\/\/i0.wp.com\/www.ilovemaranello.com\/wp\/wp-content\/uploads\/2019\/09\/museo-horacio-pagani.jpg?resize=300%2C167&amp;ssl=1 300w, https:\/\/i0.wp.com\/www.ilovemaranello.com\/wp\/wp-content\/uploads\/2019\/09\/museo-horacio-pagani.jpg?resize=768%2C427&amp;ssl=1 768w\" data-sizes=\"auto, (max-width: 600px) 100vw, 600px\" src=\"data:image\/gif;base64,R0lGODlhAQABAAAAACH5BAEKAAEALAAAAAABAAEAAAICTAEAOw==\" style=\"--smush-placeholder-width: 600px; --smush-placeholder-aspect-ratio: 600\/333;\" \/><noscript><img data-recalc-dims=\"1\" loading=\"lazy\" decoding=\"async\" width=\"600\" height=\"333\" src=\"https:\/\/i0.wp.com\/www.ilovemaranello.com\/wp\/wp-content\/uploads\/2019\/09\/museo-horacio-pagani.jpg?resize=600%2C333&#038;ssl=1\" alt=\"museo-horacio-pagani\" class=\"wp-image-1818\" srcset=\"https:\/\/i0.wp.com\/www.ilovemaranello.com\/wp\/wp-content\/uploads\/2019\/09\/museo-horacio-pagani.jpg?w=1024&amp;ssl=1 1024w, https:\/\/i0.wp.com\/www.ilovemaranello.com\/wp\/wp-content\/uploads\/2019\/09\/museo-horacio-pagani.jpg?resize=300%2C167&amp;ssl=1 300w, https:\/\/i0.wp.com\/www.ilovemaranello.com\/wp\/wp-content\/uploads\/2019\/09\/museo-horacio-pagani.jpg?resize=768%2C427&amp;ssl=1 768w\" sizes=\"auto, (max-width: 600px) 100vw, 600px\" \/><\/noscript><\/figure><\/div>\n\n\n\n<p class=\"has-text-color has-background has-very-light-gray-color has-vivid-red-background-color\">Pagani Automobili naci\u00f3 en 1998 en San Cesario Sul Panaro, provincia de M\u00f3dena, en nombre del fundador italo-argentino Horacio Pagani, ex jefe del departamento de composites de Lamborghini y entonces director de Dise\u00f1o de M\u00f3dena.<\/p>\n\n\n\n<p class=\"has-text-color has-background has-very-light-gray-color has-very-dark-gray-background-color\">En la base de la filosof\u00eda de la empresa se encuentran los conceptos renacentistas difundidos a trav\u00e9s de la obra del gran Leonardo da Vinci, seg\u00fan el cual el Arte y la Ciencia son disciplinas que pueden estar juntas, &#8220;caminando de la mano&#8221;.<\/p>\n\n\n\n<p class=\"has-text-color has-background has-very-light-gray-color has-very-dark-gray-background-color\">Pagani Automobili crea de acuerdo con este principio inspirador, mezclando t\u00e9cnica y sabor, funcionalidad y est\u00e9tica, artesan\u00eda y conocimiento tecnol\u00f3gico.&nbsp;<\/p>\n\n\n\n<p class=\"has-text-color has-background has-very-light-gray-color has-very-dark-gray-background-color\"><em>Pagani Automobili se complace en recibir visitantes en su taller de San Cesario en el Panaro (Modena), para una visita guiada dentro de la zona de producci\u00f3n en la nueva f\u00e1brica de Via dell&#8217;industry 26.<\/em><\/p>\n","protected":false},"excerpt":{"rendered":"<p>Pagani Automobili naci\u00f3 en 1998 en San Cesario Sul Panaro, provincia de M\u00f3dena, en nombre del fundador italo-argentino Horacio Pagani, ex jefe del departamento de composites de Lamborghini y entonces director de Dise\u00f1o de M\u00f3dena. En la base de la filosof\u00eda de la empresa se encuentran los conceptos renacentistas difundidos a trav\u00e9s de la obra [&hellip;]<\/p>\n","protected":false},"author":1,"featured_media":0,"parent":0,"menu_order":0,"comment_status":"closed","ping_status":"closed","template":"","meta":{"footnotes":""},"class_list":["post-1957","page","type-page","status-publish","hentry"],"aioseo_notices":[],"jetpack_sharing_enabled":true,"_links":{"self":[{"href":"https:\/\/www.ilovemaranello.com\/wp\/wp-json\/wp\/v2\/pages\/1957","targetHints":{"allow":["GET"]}}],"collection":[{"href":"https:\/\/www.ilovemaranello.com\/wp\/wp-json\/wp\/v2\/pages"}],"about":[{"href":"https:\/\/www.ilovemaranello.com\/wp\/wp-json\/wp\/v2\/types\/page"}],"author":[{"embeddable":true,"href":"https:\/\/www.ilovemaranello.com\/wp\/wp-json\/wp\/v2\/users\/1"}],"replies":[{"embeddable":true,"href":"https:\/\/www.ilovemaranello.com\/wp\/wp-json\/wp\/v2\/comments?post=1957"}],"version-history":[{"count":0,"href":"https:\/\/www.ilovemaranello.com\/wp\/wp-json\/wp\/v2\/pages\/1957\/revisions"}],"wp:attachment":[{"href":"https:\/\/www.ilovemaranello.com\/wp\/wp-json\/wp\/v2\/media?parent=1957"}],"curies":[{"name":"wp","href":"https:\/\/api.w.org\/{rel}","templated":true}]}}