{"id":1900,"date":"2019-01-31T15:18:24","date_gmt":"2019-01-31T14:18:24","guid":{"rendered":"http:\/\/www.maranellotravel.it\/wp\/?page_id=51"},"modified":"2019-10-16T16:22:22","modified_gmt":"2019-10-16T14:22:22","slug":"empresa","status":"publish","type":"page","link":"https:\/\/www.ilovemaranello.com\/wp\/es\/empresa","title":{"rendered":"Empresa"},"content":{"rendered":"\n<div class=\"wp-block-image\"><figure class=\"aligncenter\"><img decoding=\"async\" data-src=\"https:\/\/i1.wp.com\/www.ilovemaranello.com\/wp\/wp-content\/uploads\/2019\/08\/2Loghi_trasp.png?w=354&amp;ssl=1\" alt=\"\" src=\"data:image\/gif;base64,R0lGODlhAQABAAAAACH5BAEKAAEALAAAAAABAAEAAAICTAEAOw==\" class=\"lazyload\" \/><noscript><img decoding=\"async\" src=\"https:\/\/i1.wp.com\/www.ilovemaranello.com\/wp\/wp-content\/uploads\/2019\/08\/2Loghi_trasp.png?w=354&amp;ssl=1\" alt=\"\"\/><\/noscript><\/figure><\/div>\n\n\n\n<p style=\"text-align:center\"><em><strong>Hemos realizado un sue\u00f1o que contiene todos tus sue\u00f1os<\/strong><\/em><\/p>\n\n\n\n<p style=\"text-align:center\"><strong>Maranel Travel <\/strong>se encuentra en MARANELLO, en el coraz\u00f3n de la rugiente &#8220;Tierra de Motores&#8221;, a tiro de piedra de la prestigiosa casa del caballo rampante. La empresa fue fundada en el a\u00f1o 2000 en la sede de Maranello en Via Dino Ferrari, la pasi\u00f3n por los viajes y una larga experiencia acumulada en a\u00f1os de trabajo en el sector de la hosteler\u00eda, permitir\u00e1 a Maranel Travel, empleando personal cualificado con muchos a\u00f1os de experiencia en el sector tur\u00edstico, para convertirse r\u00e1pidamente en un punto de referencia en el territorio. Hoy en d\u00eda Maranel Travel opera con dos ubicaciones y trabaja como una agencia de viajes y operadores tur\u00edsticos.<\/p>\n\n\n\n<p style=\"text-align:center\"><strong>Agencia de Viaje<\/strong>s: con servicios integrales de salida en Italia y el Mundo, utilizando la colaboraci\u00f3n de los principales operadores tur\u00edsticos italianos y la colaboraci\u00f3n del grupo Alpitour y Bravo-net.<\/p>\n\n\n\n<p style=\"text-align:center\"><strong>Operador Tur\u00edstico En<\/strong>trante: Somos especialistas en itinerarios a medida y viajes en grupo, y aseguramos productos tur\u00edsticos a precios competitivos y altos est\u00e1ndares de calidad, con propuestas exclusivas que pueden satisfacer todas las necesidades. Para cada uno de nuestros programas garantizamos una amplia gama de servicios de hospitalidad, con alojamiento en<strong> hoteles de todos los presupuestos y categor\u00edas, vi<\/strong>sitados personalmente y seleccionados por nuestro experimentado personal.<\/p>\n","protected":false},"excerpt":{"rendered":"<p>Hemos realizado un sue\u00f1o que contiene todos tus sue\u00f1os Maranel Travel se encuentra en MARANELLO, en el coraz\u00f3n de la rugiente &#8220;Tierra de Motores&#8221;, a tiro de piedra de la prestigiosa casa del caballo rampante. La empresa fue fundada en el a\u00f1o 2000 en la sede de Maranello en Via Dino Ferrari, la pasi\u00f3n por [&hellip;]<\/p>\n","protected":false},"author":1,"featured_media":0,"parent":0,"menu_order":0,"comment_status":"closed","ping_status":"closed","template":"","meta":{"footnotes":""},"class_list":["post-1900","page","type-page","status-publish","hentry"],"aioseo_notices":[],"jetpack_sharing_enabled":true,"_links":{"self":[{"href":"https:\/\/www.ilovemaranello.com\/wp\/wp-json\/wp\/v2\/pages\/1900","targetHints":{"allow":["GET"]}}],"collection":[{"href":"https:\/\/www.ilovemaranello.com\/wp\/wp-json\/wp\/v2\/pages"}],"about":[{"href":"https:\/\/www.ilovemaranello.com\/wp\/wp-json\/wp\/v2\/types\/page"}],"author":[{"embeddable":true,"href":"https:\/\/www.ilovemaranello.com\/wp\/wp-json\/wp\/v2\/users\/1"}],"replies":[{"embeddable":true,"href":"https:\/\/www.ilovemaranello.com\/wp\/wp-json\/wp\/v2\/comments?post=1900"}],"version-history":[{"count":0,"href":"https:\/\/www.ilovemaranello.com\/wp\/wp-json\/wp\/v2\/pages\/1900\/revisions"}],"wp:attachment":[{"href":"https:\/\/www.ilovemaranello.com\/wp\/wp-json\/wp\/v2\/media?parent=1900"}],"curies":[{"name":"wp","href":"https:\/\/api.w.org\/{rel}","templated":true}]}}